{"id":626,"date":"2021-07-29T13:21:04","date_gmt":"2021-07-29T11:21:04","guid":{"rendered":"http:\/\/wp3ns.devel\/?page_id=626"},"modified":"2021-07-29T13:23:22","modified_gmt":"2021-07-29T11:23:22","slug":"gas-mixture","status":"publish","type":"page","link":"https:\/\/3nsolutions.cz\/en\/gas-mixture\/","title":{"rendered":"Gas mixture"},"content":{"rendered":"","protected":false},"excerpt":{"rendered":"","protected":false},"author":1,"featured_media":0,"parent":0,"menu_order":0,"comment_status":"closed","ping_status":"closed","template":"mieszanka-gazow.php","meta":{"inline_featured_image":false,"footnotes":""},"class_list":["post-626","page","type-page","status-publish","hentry"],"yoast_head":"<!-- This site is optimized with the Yoast SEO plugin v20.3 - https:\/\/yoast.com\/wordpress\/plugins\/seo\/ -->\n<title>Gas mixture - 3N Solutions<\/title>\n<meta name=\"robots\" content=\"index, follow, max-snippet:-1, max-image-preview:large, max-video-preview:-1\" \/>\n<link rel=\"canonical\" href=\"https:\/\/3nsolutions.cz\/en\/gas-mixture\/\" \/>\n<meta property=\"og:locale\" content=\"en_US\" \/>\n<meta property=\"og:type\" content=\"article\" \/>\n<meta property=\"og:title\" content=\"Gas mixture - 3N Solutions\" \/>\n<meta property=\"og:url\" content=\"https:\/\/3nsolutions.cz\/en\/gas-mixture\/\" \/>\n<meta property=\"og:site_name\" content=\"3N Solutions\" \/>\n<meta property=\"article:modified_time\" content=\"2021-07-29T11:23:22+00:00\" \/>\n<meta name=\"twitter:card\" content=\"summary_large_image\" \/>\n<script type=\"application\/ld+json\" class=\"yoast-schema-graph\">{\"@context\":\"https:\/\/schema.org\",\"@graph\":[{\"@type\":\"WebPage\",\"@id\":\"https:\/\/3nsolutions.cz\/en\/gas-mixture\/\",\"url\":\"https:\/\/3nsolutions.cz\/en\/gas-mixture\/\",\"name\":\"Gas mixture - 3N Solutions\",\"isPartOf\":{\"@id\":\"https:\/\/3nsolutions.cz\/#website\"},\"datePublished\":\"2021-07-29T11:21:04+00:00\",\"dateModified\":\"2021-07-29T11:23:22+00:00\",\"breadcrumb\":{\"@id\":\"https:\/\/3nsolutions.cz\/en\/gas-mixture\/#breadcrumb\"},\"inLanguage\":\"en-US\",\"potentialAction\":[{\"@type\":\"ReadAction\",\"target\":[\"https:\/\/3nsolutions.cz\/en\/gas-mixture\/\"]}]},{\"@type\":\"BreadcrumbList\",\"@id\":\"https:\/\/3nsolutions.cz\/en\/gas-mixture\/#breadcrumb\",\"itemListElement\":[{\"@type\":\"ListItem\",\"position\":1,\"name\":\"Home\",\"item\":\"https:\/\/3nsolutions.cz\/\"},{\"@type\":\"ListItem\",\"position\":2,\"name\":\"Gas mixture\"}]},{\"@type\":\"WebSite\",\"@id\":\"https:\/\/3nsolutions.cz\/#website\",\"url\":\"https:\/\/3nsolutions.cz\/\",\"name\":\"3N Solutions\",\"description\":\"Firma 3N Solutions s.r.o. - se specializuje na komplexn\u00ed \u00fadr\u017ebu elektrick\u00fdch za\u0159\u00edzen\u00ed a \u00faklid v\u00fdrobn\u00edch prostor\",\"potentialAction\":[{\"@type\":\"SearchAction\",\"target\":{\"@type\":\"EntryPoint\",\"urlTemplate\":\"https:\/\/3nsolutions.cz\/?s={search_term_string}\"},\"query-input\":\"required name=search_term_string\"}],\"inLanguage\":\"en-US\"}]}<\/script>\n<!-- \/ Yoast SEO plugin. -->","yoast_head_json":{"title":"Gas mixture - 3N Solutions","robots":{"index":"index","follow":"follow","max-snippet":"max-snippet:-1","max-image-preview":"max-image-preview:large","max-video-preview":"max-video-preview:-1"},"canonical":"https:\/\/3nsolutions.cz\/en\/gas-mixture\/","og_locale":"en_US","og_type":"article","og_title":"Gas mixture - 3N Solutions","og_url":"https:\/\/3nsolutions.cz\/en\/gas-mixture\/","og_site_name":"3N Solutions","article_modified_time":"2021-07-29T11:23:22+00:00","twitter_card":"summary_large_image","schema":{"@context":"https:\/\/schema.org","@graph":[{"@type":"WebPage","@id":"https:\/\/3nsolutions.cz\/en\/gas-mixture\/","url":"https:\/\/3nsolutions.cz\/en\/gas-mixture\/","name":"Gas mixture - 3N Solutions","isPartOf":{"@id":"https:\/\/3nsolutions.cz\/#website"},"datePublished":"2021-07-29T11:21:04+00:00","dateModified":"2021-07-29T11:23:22+00:00","breadcrumb":{"@id":"https:\/\/3nsolutions.cz\/en\/gas-mixture\/#breadcrumb"},"inLanguage":"en-US","potentialAction":[{"@type":"ReadAction","target":["https:\/\/3nsolutions.cz\/en\/gas-mixture\/"]}]},{"@type":"BreadcrumbList","@id":"https:\/\/3nsolutions.cz\/en\/gas-mixture\/#breadcrumb","itemListElement":[{"@type":"ListItem","position":1,"name":"Home","item":"https:\/\/3nsolutions.cz\/"},{"@type":"ListItem","position":2,"name":"Gas mixture"}]},{"@type":"WebSite","@id":"https:\/\/3nsolutions.cz\/#website","url":"https:\/\/3nsolutions.cz\/","name":"3N Solutions","description":"Firma 3N Solutions s.r.o. - se specializuje na komplexn\u00ed \u00fadr\u017ebu elektrick\u00fdch za\u0159\u00edzen\u00ed a \u00faklid v\u00fdrobn\u00edch prostor","potentialAction":[{"@type":"SearchAction","target":{"@type":"EntryPoint","urlTemplate":"https:\/\/3nsolutions.cz\/?s={search_term_string}"},"query-input":"required name=search_term_string"}],"inLanguage":"en-US"}]}},"_links":{"self":[{"href":"https:\/\/3nsolutions.cz\/en\/wp-json\/wp\/v2\/pages\/626","targetHints":{"allow":["GET"]}}],"collection":[{"href":"https:\/\/3nsolutions.cz\/en\/wp-json\/wp\/v2\/pages"}],"about":[{"href":"https:\/\/3nsolutions.cz\/en\/wp-json\/wp\/v2\/types\/page"}],"author":[{"embeddable":true,"href":"https:\/\/3nsolutions.cz\/en\/wp-json\/wp\/v2\/users\/1"}],"replies":[{"embeddable":true,"href":"https:\/\/3nsolutions.cz\/en\/wp-json\/wp\/v2\/comments?post=626"}],"version-history":[{"count":2,"href":"https:\/\/3nsolutions.cz\/en\/wp-json\/wp\/v2\/pages\/626\/revisions"}],"predecessor-version":[{"id":628,"href":"https:\/\/3nsolutions.cz\/en\/wp-json\/wp\/v2\/pages\/626\/revisions\/628"}],"wp:attachment":[{"href":"https:\/\/3nsolutions.cz\/en\/wp-json\/wp\/v2\/media?parent=626"}],"curies":[{"name":"wp","href":"https:\/\/api.w.org\/{rel}","templated":true}]}}